{"id":48,"date":"2019-12-11T00:10:23","date_gmt":"2019-12-10T23:10:23","guid":{"rendered":"http:\/\/gameaddiction.pl\/index.php\/mesmerize\/"},"modified":"2020-05-15T22:13:38","modified_gmt":"2020-05-15T20:13:38","slug":"mesmerize","status":"publish","type":"page","link":"https:\/\/gameaddiction.pl\/","title":{"rendered":"Front Page"},"content":{"rendered":"<div  id=\"overlappable-4\" style=\"background-color: #ffffff;\" data-label=\"Overlappable\" data-id=\"overlappable-4\" data-export-id=\"overlappable-4\" data-category=\"overlappable\" class=\"overlappable-4 content-section content-section-spacing\" data-overlap=\"true\"><div  class=\"gridContainer\"> <div  data-type=\"row\" class=\"row spaced-cols text-center\"><div  class=\"col-xs-12 col-sm-4 col-padding\"> <i  class=\"fa icon shadow-large-black aligncenter color1 fa-dashboard reverse round large\"><\/i> <div  data-type=\"column\" class=\"\"> <h5  class=\"\">RESPONSYWNE DZIA\u0141ANIE<\/h5> <p  class=\"\">Nasze serwery s\u0105 po\u0142o\u017cone w Warszawie i dzia\u0142aj\u0105 na \n<br >procesorach Intel Xeon \n<br >oraz szybkich dyskach SSD<\/p><\/div> <\/div> <div  class=\"col-xs-12 col-sm-4 col-padding\"> <i  class=\"fa icon fa-cogs large shadow-large-black round aligncenter reverse color1\"><\/i> <div  data-type=\"column\" class=\"\"><h5  class=\"\">EXTRA OPCJE<\/h5> <p  class=\"\">Serwery s\u0105 dostosowane do graczy, zawieraj\u0105c wszystkie najnowsze trendy i sugestie graczy<\/p><\/div> <\/div> <div  class=\"col-xs-12 col-sm-4 col-padding\"> <i  class=\"fa icon shadow-large-black aligncenter color1 fa-handshake-o reverse round large\"><\/i> <div  data-type=\"column\" class=\"\"><h5  class=\"\">MASA ZADOWOLONYCH GRACZY<\/h5> <p  class=\"\">Nasi gracze s\u0105 zadowoleni z naszych us\u0142ug. Jest to najlepsza reklama<\/p><\/div> <\/div><\/div> <\/div><\/div><div  data-label=\"Portfolio\" data-id=\"portfolio--1\" data-export-id=\"portfolio-5\" data-category=\"portfolio\" class=\"portfolio-5 content-section content-section-spacing\" id=\"portfolio-4\" style=\"background-color: rgb(255, 255, 255);\"><div  class=\"gridContainer\"> <div  class=\"row text-center\"><div  class=\"section-title-col\" data-type=\"column\"> <h2  class=\"\">Nasze serwery<\/h2> <p  class=\"lead\">Nieustannie si\u0119 rozwijamy. Posiadamy obecnie trzy serwery<\/p><\/div> <\/div> <div  class=\"row space-bottom spaced-cols\" data-type=\"row\"> <div  class=\"col-xs-12 col-sm-4 text-center\"> <div  class=\"card no-padding bordered\"> <div  data-hover-fx=\"portfolio-6\" class=\"contentswap-effect\"> <div  class=\"initial-image\"> <img  data-size=\"500x333\" src=\"https:\/\/gameaddiction.pl\/wp-content\/uploads\/2020\/02\/79599657_989603414742246_1573984155388084224_n.png\"><\/div> <div  class=\"overlay bg-color6\"><\/div> <div  class=\"swap-inner col-xs-12\"> <div  class=\"row full-height-row middle-xs middle-sm\"> <div  class=\"col-xs-12 text-center content-holder\"> <a class=\"button small color2\" href=\"https:\/\/gameaddiction.pl\/panelmc\" target=\"_blank\" data-cp-link=\"1\" rel=\"noopener noreferrer\">Panel Gracza<\/a><\/div> <\/div><\/div> <\/div> <div  class=\"col-xs-12\"> <div  class=\"space-bottom space-top\" data-type=\"column\"> <h5  class=\"\">Serwer Minecraft<\/h5> <p  class=\"small italic\"><\/p><p  class=\"lead\">IP: GrajGA.pl<\/p><\/div> <\/div><\/div> <\/div> <div  class=\"col-xs-12 col-sm-4 text-center\"> <div  class=\"card no-padding bordered\"> <div  data-hover-fx=\"portfolio-6\" class=\"contentswap-effect\"> <div  class=\"initial-image\"> <img  data-size=\"500x333\" src=\"https:\/\/gameaddiction.pl\/wp-content\/uploads\/2020\/02\/20200212231158_1.jpg\"><\/div> <div  class=\"overlay bg-color6\"><\/div> <div  class=\"swap-inner col-xs-12\"> <div  class=\"row full-height-row middle-xs middle-sm\"> <div  class=\"col-xs-12 text-center content-holder\"> <a class=\"button small color2\" href=\"https:\/\/gameaddiction.pl\/panelcsgo\" target=\"_blank\" data-cp-link=\"1\" rel=\"noopener noreferrer\">Panel Gracza<\/a><\/div> <\/div><\/div> <\/div> <div  class=\"col-xs-12\"> <div  class=\"space-bottom space-top\" data-type=\"column\"> <h5  class=\"\">Serwer CS:GO<\/h5><p  class=\"lead\">IP: GrajGA.pl<\/p> <p  class=\"small italic\"><\/p><\/div> <\/div><\/div> <\/div> <div  class=\"col-xs-12 col-sm-4 text-center\"> <div  class=\"card no-padding bordered\"> <div  data-hover-fx=\"portfolio-6\" class=\"contentswap-effect\"> <div  class=\"initial-image\"> <img  data-size=\"500x333\" src=\"https:\/\/gameaddiction.pl\/wp-content\/uploads\/2020\/02\/Przechwytywanie.png\"><\/div> <div  class=\"overlay bg-color6\"><\/div> <div  class=\"swap-inner col-xs-12\"> <div  class=\"row full-height-row middle-xs middle-sm\"> <div  class=\"col-xs-12 text-center content-holder\"> <a class=\"button small color2\" href=\"https:\/\/gameaddiction.pl\/ts3\" target=\"_blank\" data-cp-link=\"1\" rel=\"noopener noreferrer\">Strona Serwera<\/a><\/div> <\/div><\/div> <\/div> <div  class=\"col-xs-12\"> <div  class=\"space-bottom space-top\" data-type=\"column\"> <h5  class=\"\">Serwer Teamspeak 3<\/h5> <p  class=\"small italic\"><\/p><p  class=\"lead\">IP: TSGA.pl\n<br >lub GameAddiction.pl<\/p><\/div> <\/div><\/div> <\/div><\/div> <div  class=\"row\"><div  data-type=\"column\" class=\"col-xs-12 text-center\"> <\/div> <\/div><\/div> <\/div><div  data-label=\"Cta\" data-id=\"cta--1\" data-export-id=\"cta-blue-section\" data-category=\"cta\" class=\"cta-blue-section content-section content-section-spacing-medium bg-color1 white-text\" id=\"cta-1\"><div  class=\"gridContainer\"> <div  class=\"row middle-xs\"><div  class=\"col-sm-8 space-bottom-xs\" data-type=\"column\"> <h2  class=\"\">Grupa steam, do\u0142\u0105cz! FB polub!<br ><span  class=\"font-300\"><\/span><\/h2> <\/div> <div  class=\"col-sm-4 end-sm\" data-type=\"column\"> <a class=\"button blue\" href=\"https:\/\/www.facebook.com\/GameAddictionTS3\" target=\"_blank\" data-cp-link=\"1\" rel=\"noopener noreferrer\">Lubi\u0119 To!<\/a><a class=\"button color2\" href=\"https:\/\/steamcommunity.com\/groups\/strefagameaddiction\" target=\"_blank\" data-cp-link=\"1\" rel=\"noopener noreferrer\">Do\u0142\u0105czam!<\/a><\/div> <\/div><\/div> <\/div><div  id=\"latest-news-1\" style=\"background-color: #f5fafd;\" data-label=\"Latest-news\" data-id=\"blog-section\" data-export-id=\"blog-section\" data-category=\"latest_news\" class=\"blog-section blog-section-standard content-section content-section-spacing\"><div  class=\"gridContainer\"> <div  class=\"row\"><div  data-type=\"column\" class=\"section-title-col\"> <h2  class=\"\">Najnowsze wie\u015bci<\/h2> <p  class=\"lead\">Zobacz co nowego w naszej sieci serwer\u00f3w!<\/p><\/div> <\/div> <div  class=\"row\"> <div  data-type=\"row\" data-dynamic-columns=\"handled\" data-content-shortcode=\"mesmerize_latest_news\">\t\t<div class=\"row center-sm content-left-sm\">\n\t\t\t\t\t<div id=\"post-83\" class=\"col-sm-6 col-md-4 space-bottom space-bottom-xs\">\n\t\t\t\t<div class=\"post-content card y-move bordered\">\n\t\t\t\t\t<div class=\"post-thumbnail\">\n   <a href=\"https:\/\/gameaddiction.pl\/index.php\/2020\/02\/14\/dziekujemy\/\" class=\"post-list-item-thumb \">\n      <img width=\"640\" height=\"401\" src=\"https:\/\/gameaddiction.pl\/wp-content\/uploads\/2020\/02\/tsnastronka.png\" class=\"attachment-post-thumbnail size-post-thumbnail wp-post-image\" alt=\"\" loading=\"lazy\" srcset=\"https:\/\/gameaddiction.pl\/wp-content\/uploads\/2020\/02\/tsnastronka.png 640w, https:\/\/gameaddiction.pl\/wp-content\/uploads\/2020\/02\/tsnastronka-300x188.png 300w\" sizes=\"(max-width: 640px) 100vw, 640px\" \/>   <\/a>\n<\/div>\n\t\t\t\t\t<div class=\"col-padding col-padding-xs\">\n\t\t\t\t\t\t<h3 class=\"post-title space-bottom-small\">\n\t\t\t\t\t\t\t<a href=\"https:\/\/gameaddiction.pl\/index.php\/2020\/02\/14\/dziekujemy\/\" rel=\"bookmark\">\n\t\t\t\t\t\t\t\tDzi\u0119kujemy\t\t\t\t\t\t\t<\/a>\n\t\t\t\t\t\t<\/h3>\n\t\t\t\t\t\t<p>25 stycznia to dla nas szczeg\u00f3lny dzie\u0144. Osi\u0105gn\u0119li\u015bmy pe\u0142n\u0105 liczb\u0119 slot\u00f3w. Na dzisiejszy dzie\u0144 przewin\u0119\u0142o si\u0119 przez nasz serwer TS3 ponad 530 os\u00f3b, w dni powszednie mamy \u015brednio 70 os\u00f3b,[&hellip;]<\/p>\n\t\t\t\t\t\t<a class=\"read-more link\" href=\"https:\/\/gameaddiction.pl\/index.php\/2020\/02\/14\/dziekujemy\/\">\n\t\t\t\t\t\t\tRead more\t\t\t\t\t\t<\/a>\n\t\t\t\t\t<\/div>\n\t\t\t\t<\/div>\n\t\t\t<\/div>\n\t\t\t\t<\/div>\n\t<\/div><\/div> <div  class=\"row\"><div  class=\"text-center\"> <a  class=\"button color1\" data-attr-shortcode=\"href:mesmerize_blog_link\" href=\"https:\/\/gameaddiction.pl\/?post_type=post\">ZOBACZ WI\u0118CEJ<\/a><\/div> <\/div><\/div><\/div><div  data-label=\"Team\" data-id=\"team--2\" data-export-id=\"team-2\" data-category=\"team\" class=\"team-2 content-section content-section-spacing\" id=\"team-4\" style=\"background-color: rgb(245, 250, 253);\"><div  class=\"gridContainer\"> <div  class=\"row text-center\"><div  class=\"section-title-col\" data-type=\"column\"> <h2  class=\"\">Nasz zesp\u00f3\u0142<\/h2> <p  class=\"lead\">Tworzymy zgran\u0105 dru\u017cyn\u0119. Oto ona:<\/p><\/div> <\/div> <div  class=\"row spaced-cols content-center-sm\" data-type=\"row\"> <div  class=\"col-sm-6 col-md-3\"> <div  class=\"card y-move no-padding bordered\"> <a data-cp-link=\"1\" href=\"https:\/\/steamcommunity.com\/id\/jacekmlynek\" target=\"_blank\" class=\"\" rel=\"noopener noreferrer\"><img  class=\"face\" src=\"https:\/\/gameaddiction.pl\/wp-content\/uploads\/2020\/02\/wykadrowane-1.jpg\" alt=\"\" title=\"wykadrowane\"><\/a> <div  data-type=\"column\" class=\"col-padding-small col-padding-small-xs description-container\"> <h4  class=\"font-500\">JackM_101<\/h4> <p  class=\"small\" style=\"font-style: italic;\">W\u0142a\u015bciciel<\/p> <div  class=\"social-icons-group\" data-type=\"group\"> <a  href=\"#\"><i  class=\"gray fa icon fa-facebook-square small\"><\/i><\/a> <a  href=\"#\"><i  class=\"gray fa icon fa-twitter-square small\"><\/i><\/a> <a  href=\"#\"><i  class=\"gray fa icon fa-linkedin-square small\"><\/i><\/a> <a  href=\"#\"><i  class=\"gray fa icon fa-google-plus-square small\"><\/i><\/a><\/div> <\/div><\/div> <\/div> <div  class=\"col-sm-6 col-md-3\"> <div  class=\"card y-move no-padding bordered\"> <img  class=\"face\" src=\"https:\/\/gameaddiction.pl\/wp-content\/uploads\/2020\/02\/Bez-nazwy-1.png\" alt=\"\" title=\"Bez-nazwy-1\"> <div  data-type=\"column\" class=\"col-padding-small col-padding-small-xs description-container\"> <h4  class=\"font-500\">Storm<\/h4> <p  class=\"small\" style=\"font-style: italic;\">Administrator serwer\u00f3w<\/p> <div  class=\"social-icons-group\" data-type=\"group\"> <a  href=\"#\"><i  class=\"gray fa icon fa-facebook-square small\"><\/i><\/a> <a  href=\"#\"><i  class=\"gray fa icon fa-twitter-square small\"><\/i><\/a> <a  href=\"#\"><i  class=\"gray fa icon fa-linkedin-square small\"><\/i><\/a> <a  href=\"#\"><i  class=\"gray fa icon fa-google-plus-square small\"><\/i><\/a><\/div> <\/div><\/div> <\/div> <div  class=\"col-sm-6 col-md-3\"> <div  class=\"card y-move no-padding bordered\"> <a data-cp-link=\"1\" href=\"https:\/\/steamcommunity.com\/profiles\/76561198185452057\" target=\"_blank\" class=\"\" rel=\"noopener noreferrer\"><img  class=\"face\" src=\"https:\/\/gameaddiction.pl\/wp-content\/uploads\/2020\/02\/enes1.jpg\"><\/a> <div  data-type=\"column\" class=\"col-padding-small col-padding-small-xs description-container\"> <h4  class=\"font-500\">Enes<\/h4> <p  class=\"small\" style=\"font-style: italic;\">Moderator serwera Teamspeak 3<\/p> <div  class=\"social-icons-group\" data-type=\"group\"> <a  href=\"#\"><i  class=\"gray fa icon fa-facebook-square small\"><\/i><\/a> <a  href=\"#\"><i  class=\"gray fa icon fa-twitter-square small\"><\/i><\/a> <a  href=\"#\"><i  class=\"gray fa icon fa-linkedin-square small\"><\/i><\/a> <a  href=\"#\"><i  class=\"gray fa icon fa-google-plus-square small\"><\/i><\/a><\/div> <\/div><\/div> <\/div> <div  class=\"col-sm-6 col-md-3\"> <div  class=\"card y-move no-padding bordered\"> <a data-cp-link=\"1\" href=\"https:\/\/steamcommunity.com\/profiles\/76561198402494524\" target=\"_blank\" class=\"\" rel=\"noopener noreferrer\"><img  class=\"face\" src=\"https:\/\/gameaddiction.pl\/wp-content\/uploads\/2020\/02\/daw.jpg\"><\/a> <div  data-type=\"column\" class=\"col-padding-small col-padding-small-xs description-container\"> <h4  class=\"font-500\">Daw<\/h4> <p  class=\"small\" style=\"font-style: italic;\">Moderator serwera Teamspeak 3<\/p> <div  class=\"social-icons-group\" data-type=\"group\"> <a  href=\"#\"><i  class=\"gray fa icon fa-facebook-square small\"><\/i><\/a> <a  href=\"#\"><i  class=\"gray fa icon fa-twitter-square small\"><\/i><\/a> <a  href=\"#\"><i  class=\"gray fa icon fa-linkedin-square small\"><\/i><\/a> <a  href=\"#\"><i  class=\"gray fa icon fa-google-plus-square small\"><\/i><\/a><\/div> <\/div><\/div> <\/div>    <\/div> <\/div><\/div>","protected":false},"excerpt":{"rendered":"<p>RESPONSYWNE DZIA\u0141ANIE Nasze serwery s\u0105 po\u0142o\u017cone w Warszawie i dzia\u0142aj\u0105 na procesorach Intel Xeon oraz szybkich dyskach SSD EXTRA OPCJE Serwery s\u0105 dostosowane do graczy, zawieraj\u0105c wszystkie najnowsze trendy i sugestie graczy MASA ZADOWOLONYCH GRACZY Nasi gracze s\u0105 zadowoleni z naszych us\u0142ug. Jest to najlepsza reklama Nasze serwery Nieustannie si\u0119 rozwijamy. Posiadamy obecnie trzy serwery&hellip; <br \/> <a class=\"read-more\" href=\"https:\/\/gameaddiction.pl\/index.php\/2020\/02\/14\/dziekujemy\/\">Dowiedz si\u0119 wi\u0119cej<\/a><\/p>\n","protected":false},"author":1,"featured_media":0,"parent":0,"menu_order":0,"comment_status":"closed","ping_status":"closed","template":"page-templates\/homepage.php","meta":[],"_links":{"self":[{"href":"https:\/\/gameaddiction.pl\/index.php\/wp-json\/wp\/v2\/pages\/48"}],"collection":[{"href":"https:\/\/gameaddiction.pl\/index.php\/wp-json\/wp\/v2\/pages"}],"about":[{"href":"https:\/\/gameaddiction.pl\/index.php\/wp-json\/wp\/v2\/types\/page"}],"author":[{"embeddable":true,"href":"https:\/\/gameaddiction.pl\/index.php\/wp-json\/wp\/v2\/users\/1"}],"replies":[{"embeddable":true,"href":"https:\/\/gameaddiction.pl\/index.php\/wp-json\/wp\/v2\/comments?post=48"}],"version-history":[{"count":26,"href":"https:\/\/gameaddiction.pl\/index.php\/wp-json\/wp\/v2\/pages\/48\/revisions"}],"predecessor-version":[{"id":150,"href":"https:\/\/gameaddiction.pl\/index.php\/wp-json\/wp\/v2\/pages\/48\/revisions\/150"}],"wp:attachment":[{"href":"https:\/\/gameaddiction.pl\/index.php\/wp-json\/wp\/v2\/media?parent=48"}],"curies":[{"name":"wp","href":"https:\/\/api.w.org\/{rel}","templated":true}]}}